{"id":72,"date":"2025-06-24T18:35:56","date_gmt":"2025-06-24T18:35:56","guid":{"rendered":"https:\/\/maglea.com\/?page_id=72"},"modified":"2025-06-24T20:11:35","modified_gmt":"2025-06-24T20:11:35","slug":"dogal-bohem-koleksiyonu","status":"publish","type":"page","link":"https:\/\/maglea.com\/en\/dogal-bohem-koleksiyonu\/","title":{"rendered":"Natural &amp; Bohemian Collection"},"content":{"rendered":"<p>Natural grace meets free-spirited elegance in this collection.\nHandcrafted floral, leaf, and branch-inspired hair pieces reflect a soft bohemian soul and timeless femininity.<\/p>\n\n\n\n<p>The Natural &amp; Bohemian Collection features handcrafted bridal hair accessories inspired by flowers, leaves, and organic forms.\nDesigned for modern brides seeking soft elegance, boho romance, and timeless natural beauty.<\/p>\n\n\n\n<p>Ideal and perfect for rustic weddings, garden ceremonies, and outdoor celebrations, each MaGlea piece blends artisanal craftsmanship with refined feminine style.<\/p>\n\n\n\n<figure class=\"wp-block-gallery has-nested-images columns-default is-cropped wp-block-gallery-1 is-layout-flex wp-block-gallery-is-layout-flex\">\n<figure class=\"wp-block-image size-large\"><img loading=\"lazy\" decoding=\"async\" width=\"1024\" height=\"1024\" data-id=\"108\" src=\"https:\/\/maglea.com\/wp-content\/uploads\/2025\/06\/file_0000000008c461f4abd1f70763af7bbe-1.png\" alt=\"\" class=\"wp-image-108\" srcset=\"https:\/\/maglea.com\/wp-content\/uploads\/2025\/06\/file_0000000008c461f4abd1f70763af7bbe-1.png 1024w, https:\/\/maglea.com\/wp-content\/uploads\/2025\/06\/file_0000000008c461f4abd1f70763af7bbe-1-600x600.png 600w, https:\/\/maglea.com\/wp-content\/uploads\/2025\/06\/file_0000000008c461f4abd1f70763af7bbe-1-150x150.png 150w, https:\/\/maglea.com\/wp-content\/uploads\/2025\/06\/file_0000000008c461f4abd1f70763af7bbe-1-768x768.png 768w, https:\/\/maglea.com\/wp-content\/uploads\/2025\/06\/file_0000000008c461f4abd1f70763af7bbe-1-12x12.png 12w, https:\/\/maglea.com\/wp-content\/uploads\/2025\/06\/file_0000000008c461f4abd1f70763af7bbe-1-300x300.png 300w\" sizes=\"auto, (max-width: 1024px) 100vw, 1024px\" \/><\/figure>\n\n\n\n<figure class=\"wp-block-image size-large\"><img loading=\"lazy\" decoding=\"async\" width=\"683\" height=\"1024\" data-id=\"110\" src=\"https:\/\/maglea.com\/wp-content\/uploads\/2025\/06\/file_000000009d7862468dff07a8c6c07bbc-2-683x1024.png\" alt=\"\" class=\"wp-image-110\" srcset=\"https:\/\/maglea.com\/wp-content\/uploads\/2025\/06\/file_000000009d7862468dff07a8c6c07bbc-2-683x1024.png 683w, https:\/\/maglea.com\/wp-content\/uploads\/2025\/06\/file_000000009d7862468dff07a8c6c07bbc-2-400x600.png 400w, https:\/\/maglea.com\/wp-content\/uploads\/2025\/06\/file_000000009d7862468dff07a8c6c07bbc-2-933x1400.png 933w, https:\/\/maglea.com\/wp-content\/uploads\/2025\/06\/file_000000009d7862468dff07a8c6c07bbc-2-768x1152.png 768w, https:\/\/maglea.com\/wp-content\/uploads\/2025\/06\/file_000000009d7862468dff07a8c6c07bbc-2-8x12.png 8w, https:\/\/maglea.com\/wp-content\/uploads\/2025\/06\/file_000000009d7862468dff07a8c6c07bbc-2-200x300.png 200w, https:\/\/maglea.com\/wp-content\/uploads\/2025\/06\/file_000000009d7862468dff07a8c6c07bbc-2.png 1024w\" sizes=\"auto, (max-width: 683px) 100vw, 683px\" \/><\/figure>\n\n\n\n<figure class=\"wp-block-image size-large\"><img loading=\"lazy\" decoding=\"async\" width=\"683\" height=\"1024\" data-id=\"104\" src=\"https:\/\/maglea.com\/wp-content\/uploads\/2025\/06\/file_00000000baa46243b21daf4e3417b2ed-683x1024.png\" alt=\"\" class=\"wp-image-104\" srcset=\"https:\/\/maglea.com\/wp-content\/uploads\/2025\/06\/file_00000000baa46243b21daf4e3417b2ed-683x1024.png 683w, https:\/\/maglea.com\/wp-content\/uploads\/2025\/06\/file_00000000baa46243b21daf4e3417b2ed-400x600.png 400w, https:\/\/maglea.com\/wp-content\/uploads\/2025\/06\/file_00000000baa46243b21daf4e3417b2ed-933x1400.png 933w, https:\/\/maglea.com\/wp-content\/uploads\/2025\/06\/file_00000000baa46243b21daf4e3417b2ed-768x1152.png 768w, https:\/\/maglea.com\/wp-content\/uploads\/2025\/06\/file_00000000baa46243b21daf4e3417b2ed-8x12.png 8w, https:\/\/maglea.com\/wp-content\/uploads\/2025\/06\/file_00000000baa46243b21daf4e3417b2ed-200x300.png 200w, https:\/\/maglea.com\/wp-content\/uploads\/2025\/06\/file_00000000baa46243b21daf4e3417b2ed.png 1024w\" sizes=\"auto, (max-width: 683px) 100vw, 683px\" \/><\/figure>\n\n\n\n<figure class=\"wp-block-image size-large\"><img loading=\"lazy\" decoding=\"async\" width=\"683\" height=\"1024\" data-id=\"111\" src=\"https:\/\/maglea.com\/wp-content\/uploads\/2025\/06\/file_0000000088c061f79d8e6a3950b85e25-683x1024.png\" alt=\"\" class=\"wp-image-111\" srcset=\"https:\/\/maglea.com\/wp-content\/uploads\/2025\/06\/file_0000000088c061f79d8e6a3950b85e25-683x1024.png 683w, https:\/\/maglea.com\/wp-content\/uploads\/2025\/06\/file_0000000088c061f79d8e6a3950b85e25-400x600.png 400w, https:\/\/maglea.com\/wp-content\/uploads\/2025\/06\/file_0000000088c061f79d8e6a3950b85e25-933x1400.png 933w, https:\/\/maglea.com\/wp-content\/uploads\/2025\/06\/file_0000000088c061f79d8e6a3950b85e25-768x1152.png 768w, https:\/\/maglea.com\/wp-content\/uploads\/2025\/06\/file_0000000088c061f79d8e6a3950b85e25-8x12.png 8w, https:\/\/maglea.com\/wp-content\/uploads\/2025\/06\/file_0000000088c061f79d8e6a3950b85e25-200x300.png 200w, https:\/\/maglea.com\/wp-content\/uploads\/2025\/06\/file_0000000088c061f79d8e6a3950b85e25.png 1024w\" sizes=\"auto, (max-width: 683px) 100vw, 683px\" \/><\/figure>\n\n\n\n<figure class=\"wp-block-image size-large\"><img loading=\"lazy\" decoding=\"async\" width=\"683\" height=\"1024\" data-id=\"105\" src=\"https:\/\/maglea.com\/wp-content\/uploads\/2025\/06\/file_00000000d56461f8a4107dc8492083a2-683x1024.png\" alt=\"\" class=\"wp-image-105\" srcset=\"https:\/\/maglea.com\/wp-content\/uploads\/2025\/06\/file_00000000d56461f8a4107dc8492083a2-683x1024.png 683w, https:\/\/maglea.com\/wp-content\/uploads\/2025\/06\/file_00000000d56461f8a4107dc8492083a2-400x600.png 400w, https:\/\/maglea.com\/wp-content\/uploads\/2025\/06\/file_00000000d56461f8a4107dc8492083a2-933x1400.png 933w, https:\/\/maglea.com\/wp-content\/uploads\/2025\/06\/file_00000000d56461f8a4107dc8492083a2-768x1152.png 768w, https:\/\/maglea.com\/wp-content\/uploads\/2025\/06\/file_00000000d56461f8a4107dc8492083a2-8x12.png 8w, https:\/\/maglea.com\/wp-content\/uploads\/2025\/06\/file_00000000d56461f8a4107dc8492083a2-200x300.png 200w, https:\/\/maglea.com\/wp-content\/uploads\/2025\/06\/file_00000000d56461f8a4107dc8492083a2.png 1024w\" sizes=\"auto, (max-width: 683px) 100vw, 683px\" \/><\/figure>\n\n\n\n<figure class=\"wp-block-image size-large\"><img loading=\"lazy\" decoding=\"async\" width=\"1024\" height=\"1024\" data-id=\"109\" src=\"https:\/\/maglea.com\/wp-content\/uploads\/2025\/06\/file_000000009bd862439c2aac61305cc19c.png\" alt=\"\" class=\"wp-image-109\" srcset=\"https:\/\/maglea.com\/wp-content\/uploads\/2025\/06\/file_000000009bd862439c2aac61305cc19c.png 1024w, https:\/\/maglea.com\/wp-content\/uploads\/2025\/06\/file_000000009bd862439c2aac61305cc19c-600x600.png 600w, https:\/\/maglea.com\/wp-content\/uploads\/2025\/06\/file_000000009bd862439c2aac61305cc19c-150x150.png 150w, https:\/\/maglea.com\/wp-content\/uploads\/2025\/06\/file_000000009bd862439c2aac61305cc19c-768x768.png 768w, https:\/\/maglea.com\/wp-content\/uploads\/2025\/06\/file_000000009bd862439c2aac61305cc19c-12x12.png 12w, https:\/\/maglea.com\/wp-content\/uploads\/2025\/06\/file_000000009bd862439c2aac61305cc19c-300x300.png 300w\" sizes=\"auto, (max-width: 1024px) 100vw, 1024px\" \/><\/figure>\n\n\n\n<figure class=\"wp-block-image size-large\"><img loading=\"lazy\" decoding=\"async\" width=\"683\" height=\"1024\" data-id=\"106\" src=\"https:\/\/maglea.com\/wp-content\/uploads\/2025\/06\/file_000000001f8c62468719d9796c20d471-1-683x1024.png\" alt=\"\" class=\"wp-image-106\" srcset=\"https:\/\/maglea.com\/wp-content\/uploads\/2025\/06\/file_000000001f8c62468719d9796c20d471-1-683x1024.png 683w, https:\/\/maglea.com\/wp-content\/uploads\/2025\/06\/file_000000001f8c62468719d9796c20d471-1-400x600.png 400w, https:\/\/maglea.com\/wp-content\/uploads\/2025\/06\/file_000000001f8c62468719d9796c20d471-1-933x1400.png 933w, https:\/\/maglea.com\/wp-content\/uploads\/2025\/06\/file_000000001f8c62468719d9796c20d471-1-768x1152.png 768w, https:\/\/maglea.com\/wp-content\/uploads\/2025\/06\/file_000000001f8c62468719d9796c20d471-1-8x12.png 8w, https:\/\/maglea.com\/wp-content\/uploads\/2025\/06\/file_000000001f8c62468719d9796c20d471-1-200x300.png 200w, https:\/\/maglea.com\/wp-content\/uploads\/2025\/06\/file_000000001f8c62468719d9796c20d471-1.png 1024w\" sizes=\"auto, (max-width: 683px) 100vw, 683px\" \/><\/figure>\n\n\n\n<figure class=\"wp-block-image size-large\"><img loading=\"lazy\" decoding=\"async\" width=\"683\" height=\"1024\" data-id=\"112\" src=\"https:\/\/maglea.com\/wp-content\/uploads\/2025\/06\/file_0000000068346243ae0153c70a6a1bfe-683x1024.png\" alt=\"\" class=\"wp-image-112\" srcset=\"https:\/\/maglea.com\/wp-content\/uploads\/2025\/06\/file_0000000068346243ae0153c70a6a1bfe-683x1024.png 683w, https:\/\/maglea.com\/wp-content\/uploads\/2025\/06\/file_0000000068346243ae0153c70a6a1bfe-400x600.png 400w, https:\/\/maglea.com\/wp-content\/uploads\/2025\/06\/file_0000000068346243ae0153c70a6a1bfe-933x1400.png 933w, https:\/\/maglea.com\/wp-content\/uploads\/2025\/06\/file_0000000068346243ae0153c70a6a1bfe-768x1152.png 768w, https:\/\/maglea.com\/wp-content\/uploads\/2025\/06\/file_0000000068346243ae0153c70a6a1bfe-8x12.png 8w, https:\/\/maglea.com\/wp-content\/uploads\/2025\/06\/file_0000000068346243ae0153c70a6a1bfe-200x300.png 200w, https:\/\/maglea.com\/wp-content\/uploads\/2025\/06\/file_0000000068346243ae0153c70a6a1bfe.png 1024w\" sizes=\"auto, (max-width: 683px) 100vw, 683px\" \/><\/figure>\n\n\n\n<figure class=\"wp-block-image size-large\"><img loading=\"lazy\" decoding=\"async\" width=\"683\" height=\"1024\" data-id=\"107\" src=\"https:\/\/maglea.com\/wp-content\/uploads\/2025\/06\/file_000000004c1061f49ca91a2e73fe97ea-683x1024.png\" alt=\"\" class=\"wp-image-107\" srcset=\"https:\/\/maglea.com\/wp-content\/uploads\/2025\/06\/file_000000004c1061f49ca91a2e73fe97ea-683x1024.png 683w, https:\/\/maglea.com\/wp-content\/uploads\/2025\/06\/file_000000004c1061f49ca91a2e73fe97ea-400x600.png 400w, https:\/\/maglea.com\/wp-content\/uploads\/2025\/06\/file_000000004c1061f49ca91a2e73fe97ea-933x1400.png 933w, https:\/\/maglea.com\/wp-content\/uploads\/2025\/06\/file_000000004c1061f49ca91a2e73fe97ea-768x1152.png 768w, https:\/\/maglea.com\/wp-content\/uploads\/2025\/06\/file_000000004c1061f49ca91a2e73fe97ea-8x12.png 8w, https:\/\/maglea.com\/wp-content\/uploads\/2025\/06\/file_000000004c1061f49ca91a2e73fe97ea-200x300.png 200w, https:\/\/maglea.com\/wp-content\/uploads\/2025\/06\/file_000000004c1061f49ca91a2e73fe97ea.png 1024w\" sizes=\"auto, (max-width: 683px) 100vw, 683px\" \/><\/figure>\n<\/figure>","protected":false},"excerpt":{"rendered":"<p>Do\u011fan\u0131n \u00f6zg\u00fcr ruhunu ve zarif dokunu\u015funu bohem esteti\u011fin \u0131\u015f\u0131\u011f\u0131yla yans\u0131tan bu koleksiyonda; yaprak, \u00e7i\u00e7ek ve dal formlar\u0131yla bezenmi\u015f, el yap\u0131m\u0131 sa\u00e7 aksesuarlar\u0131 yer al\u0131yor. Sadelikten gelen zarafeti sa\u00e7lar\u0131n\u0131zda ta\u015f\u0131y\u0131n. Rustik d\u00fc\u011f\u00fcnler ve do\u011fa temal\u0131 organizasyonlar i\u00e7in ideal.<\/p>","protected":false},"author":1,"featured_media":0,"parent":0,"menu_order":0,"comment_status":"closed","ping_status":"closed","template":"","meta":{"_uag_custom_page_level_css":"","_kad_post_transparent":"","_kad_post_title":"","_kad_post_layout":"","_kad_post_sidebar_id":"","_kad_post_content_style":"","_kad_post_vertical_padding":"","_kad_post_feature":"","_kad_post_feature_position":"","_kad_post_header":false,"_kad_post_footer":false,"_kad_post_classname":"","footnotes":""},"class_list":["post-72","page","type-page","status-publish","hentry"],"uagb_featured_image_src":{"full":false,"thumbnail":false,"medium":false,"medium_large":false,"large":false,"1536x1536":false,"2048x2048":false,"trp-custom-language-flag":false,"woocommerce_thumbnail":false,"woocommerce_single":false,"woocommerce_gallery_thumbnail":false},"uagb_author_info":{"display_name":"MaGlea","author_link":"https:\/\/maglea.com\/en\/author\/meralkahraman000gmail-com\/"},"uagb_comment_info":0,"uagb_excerpt":"Do\u011fan\u0131n \u00f6zg\u00fcr ruhunu ve zarif dokunu\u015funu bohem esteti\u011fin \u0131\u015f\u0131\u011f\u0131yla yans\u0131tan bu koleksiyonda; yaprak, \u00e7i\u00e7ek ve dal formlar\u0131yla bezenmi\u015f, el yap\u0131m\u0131 sa\u00e7 aksesuarlar\u0131 yer al\u0131yor. Sadelikten gelen zarafeti sa\u00e7lar\u0131n\u0131zda ta\u015f\u0131y\u0131n. Rustik d\u00fc\u011f\u00fcnler ve do\u011fa temal\u0131 organizasyonlar i\u00e7in ideal.","_links":{"self":[{"href":"https:\/\/maglea.com\/en\/wp-json\/wp\/v2\/pages\/72","targetHints":{"allow":["GET"]}}],"collection":[{"href":"https:\/\/maglea.com\/en\/wp-json\/wp\/v2\/pages"}],"about":[{"href":"https:\/\/maglea.com\/en\/wp-json\/wp\/v2\/types\/page"}],"author":[{"embeddable":true,"href":"https:\/\/maglea.com\/en\/wp-json\/wp\/v2\/users\/1"}],"replies":[{"embeddable":true,"href":"https:\/\/maglea.com\/en\/wp-json\/wp\/v2\/comments?post=72"}],"version-history":[{"count":2,"href":"https:\/\/maglea.com\/en\/wp-json\/wp\/v2\/pages\/72\/revisions"}],"predecessor-version":[{"id":115,"href":"https:\/\/maglea.com\/en\/wp-json\/wp\/v2\/pages\/72\/revisions\/115"}],"wp:attachment":[{"href":"https:\/\/maglea.com\/en\/wp-json\/wp\/v2\/media?parent=72"}],"curies":[{"name":"wp","href":"https:\/\/api.w.org\/{rel}","templated":true}]}}