{"id":70,"date":"2025-06-24T18:33:33","date_gmt":"2025-06-24T18:33:33","guid":{"rendered":"https:\/\/maglea.com\/?page_id=70"},"modified":"2025-06-24T20:08:04","modified_gmt":"2025-06-24T20:08:04","slug":"sahne-koleksiyonu","status":"publish","type":"page","link":"https:\/\/maglea.com\/en\/sahne-koleksiyonu\/","title":{"rendered":"Stage Couture Collection"},"content":{"rendered":"<p>Where light meets performance and elegance becomes expression.\nEach handcrafted MaGlea piece is designed to capture attention with sculptural form, refined shimmer, and striking presence.\nBold yet graceful, every design transforms movement into a luminous story.<\/p>\n\n\n\n<p>Discover handcrafted stage hair accessories designed for dance, theatre, and performance.\nEach MaGlea couture piece combines radiant materials, elegant structure, and artistic detail to create unforgettable stage presence.\nPerfect for performers seeking distinctive, luminous, and professionally crafted hair accessories for special performances and shows.<\/p>\n\n\n\n<figure class=\"wp-block-gallery has-nested-images columns-default is-cropped wp-block-gallery-1 is-layout-flex wp-block-gallery-is-layout-flex\"><\/figure>\n\n\n\n<figure class=\"wp-block-gallery has-nested-images columns-4 is-cropped wp-block-gallery-2 is-layout-flex wp-block-gallery-is-layout-flex\">\n<figure class=\"wp-block-image size-large\"><img loading=\"lazy\" decoding=\"async\" width=\"683\" height=\"1024\" data-id=\"101\" src=\"https:\/\/maglea.com\/wp-content\/uploads\/2025\/06\/file_00000000886c61f4932b411b2520afe9-2-683x1024.png\" alt=\"\" class=\"wp-image-101\" srcset=\"https:\/\/maglea.com\/wp-content\/uploads\/2025\/06\/file_00000000886c61f4932b411b2520afe9-2-683x1024.png 683w, https:\/\/maglea.com\/wp-content\/uploads\/2025\/06\/file_00000000886c61f4932b411b2520afe9-2-400x600.png 400w, https:\/\/maglea.com\/wp-content\/uploads\/2025\/06\/file_00000000886c61f4932b411b2520afe9-2-933x1400.png 933w, https:\/\/maglea.com\/wp-content\/uploads\/2025\/06\/file_00000000886c61f4932b411b2520afe9-2-768x1152.png 768w, https:\/\/maglea.com\/wp-content\/uploads\/2025\/06\/file_00000000886c61f4932b411b2520afe9-2-8x12.png 8w, https:\/\/maglea.com\/wp-content\/uploads\/2025\/06\/file_00000000886c61f4932b411b2520afe9-2-200x300.png 200w, https:\/\/maglea.com\/wp-content\/uploads\/2025\/06\/file_00000000886c61f4932b411b2520afe9-2.png 1024w\" sizes=\"auto, (max-width: 683px) 100vw, 683px\" \/><\/figure>\n\n\n\n<figure class=\"wp-block-image size-large\"><img loading=\"lazy\" decoding=\"async\" width=\"1024\" height=\"1024\" data-id=\"100\" src=\"https:\/\/maglea.com\/wp-content\/uploads\/2025\/06\/file_0000000015d86243b25b4ce20cd6817d.png\" alt=\"\" class=\"wp-image-100\" srcset=\"https:\/\/maglea.com\/wp-content\/uploads\/2025\/06\/file_0000000015d86243b25b4ce20cd6817d.png 1024w, https:\/\/maglea.com\/wp-content\/uploads\/2025\/06\/file_0000000015d86243b25b4ce20cd6817d-600x600.png 600w, https:\/\/maglea.com\/wp-content\/uploads\/2025\/06\/file_0000000015d86243b25b4ce20cd6817d-150x150.png 150w, https:\/\/maglea.com\/wp-content\/uploads\/2025\/06\/file_0000000015d86243b25b4ce20cd6817d-768x768.png 768w, https:\/\/maglea.com\/wp-content\/uploads\/2025\/06\/file_0000000015d86243b25b4ce20cd6817d-12x12.png 12w, https:\/\/maglea.com\/wp-content\/uploads\/2025\/06\/file_0000000015d86243b25b4ce20cd6817d-300x300.png 300w\" sizes=\"auto, (max-width: 1024px) 100vw, 1024px\" \/><\/figure>\n\n\n\n<figure class=\"wp-block-image size-large\"><img loading=\"lazy\" decoding=\"async\" width=\"683\" height=\"1024\" data-id=\"98\" src=\"https:\/\/maglea.com\/wp-content\/uploads\/2025\/06\/file_00000000b8fc61f4ac35e2c473af2f26-2-683x1024.png\" alt=\"\" class=\"wp-image-98\" srcset=\"https:\/\/maglea.com\/wp-content\/uploads\/2025\/06\/file_00000000b8fc61f4ac35e2c473af2f26-2-683x1024.png 683w, https:\/\/maglea.com\/wp-content\/uploads\/2025\/06\/file_00000000b8fc61f4ac35e2c473af2f26-2-400x600.png 400w, https:\/\/maglea.com\/wp-content\/uploads\/2025\/06\/file_00000000b8fc61f4ac35e2c473af2f26-2-933x1400.png 933w, https:\/\/maglea.com\/wp-content\/uploads\/2025\/06\/file_00000000b8fc61f4ac35e2c473af2f26-2-768x1152.png 768w, https:\/\/maglea.com\/wp-content\/uploads\/2025\/06\/file_00000000b8fc61f4ac35e2c473af2f26-2-8x12.png 8w, https:\/\/maglea.com\/wp-content\/uploads\/2025\/06\/file_00000000b8fc61f4ac35e2c473af2f26-2-200x300.png 200w, https:\/\/maglea.com\/wp-content\/uploads\/2025\/06\/file_00000000b8fc61f4ac35e2c473af2f26-2.png 1024w\" sizes=\"auto, (max-width: 683px) 100vw, 683px\" \/><\/figure>\n\n\n\n<figure class=\"wp-block-image size-large\"><img loading=\"lazy\" decoding=\"async\" width=\"683\" height=\"1024\" data-id=\"99\" src=\"https:\/\/maglea.com\/wp-content\/uploads\/2025\/06\/file_00000000cf38620ab4f66b2b18b2665c-683x1024.png\" alt=\"\" class=\"wp-image-99\" srcset=\"https:\/\/maglea.com\/wp-content\/uploads\/2025\/06\/file_00000000cf38620ab4f66b2b18b2665c-683x1024.png 683w, https:\/\/maglea.com\/wp-content\/uploads\/2025\/06\/file_00000000cf38620ab4f66b2b18b2665c-400x600.png 400w, https:\/\/maglea.com\/wp-content\/uploads\/2025\/06\/file_00000000cf38620ab4f66b2b18b2665c-933x1400.png 933w, https:\/\/maglea.com\/wp-content\/uploads\/2025\/06\/file_00000000cf38620ab4f66b2b18b2665c-768x1152.png 768w, https:\/\/maglea.com\/wp-content\/uploads\/2025\/06\/file_00000000cf38620ab4f66b2b18b2665c-8x12.png 8w, https:\/\/maglea.com\/wp-content\/uploads\/2025\/06\/file_00000000cf38620ab4f66b2b18b2665c-200x300.png 200w, https:\/\/maglea.com\/wp-content\/uploads\/2025\/06\/file_00000000cf38620ab4f66b2b18b2665c.png 1024w\" sizes=\"auto, (max-width: 683px) 100vw, 683px\" \/><\/figure>\n<\/figure>","protected":false},"excerpt":{"rendered":"<p>I\u015f\u0131\u011f\u0131n, performans\u0131n ve zarafetin ruhuna hitap eden cesur ve dikkat \u00e7ekici tasar\u0131mlar&#8230; Dans, tiyatro, sahne g\u00f6sterileri ve m\u00fczik performanslar\u0131 i\u00e7in \u00f6zel olarak haz\u0131rlanm\u0131\u015f el yap\u0131m\u0131 sa\u00e7 aksesuarlar\u0131m\u0131z ile \u0131\u015f\u0131\u011f\u0131n merkezinde siz olun.<\/p>","protected":false},"author":1,"featured_media":0,"parent":0,"menu_order":0,"comment_status":"closed","ping_status":"closed","template":"","meta":{"_uag_custom_page_level_css":"","_kad_post_transparent":"","_kad_post_title":"","_kad_post_layout":"","_kad_post_sidebar_id":"","_kad_post_content_style":"","_kad_post_vertical_padding":"","_kad_post_feature":"","_kad_post_feature_position":"","_kad_post_header":false,"_kad_post_footer":false,"_kad_post_classname":"","footnotes":""},"class_list":["post-70","page","type-page","status-publish","hentry"],"uagb_featured_image_src":{"full":false,"thumbnail":false,"medium":false,"medium_large":false,"large":false,"1536x1536":false,"2048x2048":false,"trp-custom-language-flag":false,"woocommerce_thumbnail":false,"woocommerce_single":false,"woocommerce_gallery_thumbnail":false},"uagb_author_info":{"display_name":"MaGlea","author_link":"https:\/\/maglea.com\/en\/author\/meralkahraman000gmail-com\/"},"uagb_comment_info":0,"uagb_excerpt":"I\u015f\u0131\u011f\u0131n, performans\u0131n ve zarafetin ruhuna hitap eden cesur ve dikkat \u00e7ekici tasar\u0131mlar&#8230; Dans, tiyatro, sahne g\u00f6sterileri ve m\u00fczik performanslar\u0131 i\u00e7in \u00f6zel olarak haz\u0131rlanm\u0131\u015f el yap\u0131m\u0131 sa\u00e7 aksesuarlar\u0131m\u0131z ile \u0131\u015f\u0131\u011f\u0131n merkezinde siz olun.","_links":{"self":[{"href":"https:\/\/maglea.com\/en\/wp-json\/wp\/v2\/pages\/70","targetHints":{"allow":["GET"]}}],"collection":[{"href":"https:\/\/maglea.com\/en\/wp-json\/wp\/v2\/pages"}],"about":[{"href":"https:\/\/maglea.com\/en\/wp-json\/wp\/v2\/types\/page"}],"author":[{"embeddable":true,"href":"https:\/\/maglea.com\/en\/wp-json\/wp\/v2\/users\/1"}],"replies":[{"embeddable":true,"href":"https:\/\/maglea.com\/en\/wp-json\/wp\/v2\/comments?post=70"}],"version-history":[{"count":3,"href":"https:\/\/maglea.com\/en\/wp-json\/wp\/v2\/pages\/70\/revisions"}],"predecessor-version":[{"id":113,"href":"https:\/\/maglea.com\/en\/wp-json\/wp\/v2\/pages\/70\/revisions\/113"}],"wp:attachment":[{"href":"https:\/\/maglea.com\/en\/wp-json\/wp\/v2\/media?parent=70"}],"curies":[{"name":"wp","href":"https:\/\/api.w.org\/{rel}","templated":true}]}}