{"id":67,"date":"2025-06-24T18:30:48","date_gmt":"2025-06-24T18:30:48","guid":{"rendered":"https:\/\/maglea.com\/?page_id=67"},"modified":"2025-06-25T11:30:26","modified_gmt":"2025-06-25T11:30:26","slug":"modern-gelin-koleksiyonu","status":"publish","type":"page","link":"https:\/\/maglea.com\/en\/modern-gelin-koleksiyonu\/","title":{"rendered":"Modern Bridal Collection"},"content":{"rendered":"<p>Discover handcrafted bridal hair accessories designed for modern brides who seek timeless elegance and refined detail.<\/p>\n\n\n\n<p>This collection features minimalist bridal tiaras, delicate floral headpieces, and luminous wedding hair ornaments created to complement contemporary bridal styles.<\/p>\n\n\n\n<p>Perfect for weddings, engagements, and special occasions, MaGlea\u2019s modern bridal accessories combine artisanal craftsmanship with soft, romantic sophistication \u2014bringing graceful brilliance to every bridal look.<\/p>\n\n\n\n<figure class=\"wp-block-gallery has-nested-images columns-default is-cropped wp-block-gallery-1 is-layout-flex wp-block-gallery-is-layout-flex\">\n<figure class=\"wp-block-image size-medium\"><img loading=\"lazy\" decoding=\"async\" width=\"200\" height=\"300\" data-id=\"92\" src=\"https:\/\/maglea.com\/wp-content\/uploads\/2025\/06\/file_000000003e3861fdb028f51c76893b56-1-200x300.png\" alt=\"\" class=\"wp-image-92\" srcset=\"https:\/\/maglea.com\/wp-content\/uploads\/2025\/06\/file_000000003e3861fdb028f51c76893b56-1-200x300.png 200w, https:\/\/maglea.com\/wp-content\/uploads\/2025\/06\/file_000000003e3861fdb028f51c76893b56-1-400x600.png 400w, https:\/\/maglea.com\/wp-content\/uploads\/2025\/06\/file_000000003e3861fdb028f51c76893b56-1-933x1400.png 933w, https:\/\/maglea.com\/wp-content\/uploads\/2025\/06\/file_000000003e3861fdb028f51c76893b56-1-768x1152.png 768w, https:\/\/maglea.com\/wp-content\/uploads\/2025\/06\/file_000000003e3861fdb028f51c76893b56-1-8x12.png 8w, https:\/\/maglea.com\/wp-content\/uploads\/2025\/06\/file_000000003e3861fdb028f51c76893b56-1-683x1024.png 683w, https:\/\/maglea.com\/wp-content\/uploads\/2025\/06\/file_000000003e3861fdb028f51c76893b56-1.png 1024w\" sizes=\"auto, (max-width: 200px) 100vw, 200px\" \/><\/figure>\n\n\n\n<figure class=\"wp-block-image size-medium\"><img loading=\"lazy\" decoding=\"async\" width=\"200\" height=\"300\" data-id=\"91\" src=\"https:\/\/maglea.com\/wp-content\/uploads\/2025\/06\/file_00000000eb546246b52374f471a6b92a-1-200x300.png\" alt=\"\" class=\"wp-image-91\" srcset=\"https:\/\/maglea.com\/wp-content\/uploads\/2025\/06\/file_00000000eb546246b52374f471a6b92a-1-200x300.png 200w, https:\/\/maglea.com\/wp-content\/uploads\/2025\/06\/file_00000000eb546246b52374f471a6b92a-1-400x600.png 400w, https:\/\/maglea.com\/wp-content\/uploads\/2025\/06\/file_00000000eb546246b52374f471a6b92a-1-933x1400.png 933w, https:\/\/maglea.com\/wp-content\/uploads\/2025\/06\/file_00000000eb546246b52374f471a6b92a-1-768x1152.png 768w, https:\/\/maglea.com\/wp-content\/uploads\/2025\/06\/file_00000000eb546246b52374f471a6b92a-1-8x12.png 8w, https:\/\/maglea.com\/wp-content\/uploads\/2025\/06\/file_00000000eb546246b52374f471a6b92a-1-683x1024.png 683w, https:\/\/maglea.com\/wp-content\/uploads\/2025\/06\/file_00000000eb546246b52374f471a6b92a-1.png 1024w\" sizes=\"auto, (max-width: 200px) 100vw, 200px\" \/><\/figure>\n\n\n\n<figure class=\"wp-block-image size-medium\"><img loading=\"lazy\" decoding=\"async\" width=\"200\" height=\"300\" data-id=\"90\" src=\"https:\/\/maglea.com\/wp-content\/uploads\/2025\/06\/file_00000000bc3461f58f86ef7d351bb801-1-200x300.png\" alt=\"\" class=\"wp-image-90\" srcset=\"https:\/\/maglea.com\/wp-content\/uploads\/2025\/06\/file_00000000bc3461f58f86ef7d351bb801-1-200x300.png 200w, https:\/\/maglea.com\/wp-content\/uploads\/2025\/06\/file_00000000bc3461f58f86ef7d351bb801-1-400x600.png 400w, https:\/\/maglea.com\/wp-content\/uploads\/2025\/06\/file_00000000bc3461f58f86ef7d351bb801-1-933x1400.png 933w, https:\/\/maglea.com\/wp-content\/uploads\/2025\/06\/file_00000000bc3461f58f86ef7d351bb801-1-768x1152.png 768w, https:\/\/maglea.com\/wp-content\/uploads\/2025\/06\/file_00000000bc3461f58f86ef7d351bb801-1-8x12.png 8w, https:\/\/maglea.com\/wp-content\/uploads\/2025\/06\/file_00000000bc3461f58f86ef7d351bb801-1-683x1024.png 683w, https:\/\/maglea.com\/wp-content\/uploads\/2025\/06\/file_00000000bc3461f58f86ef7d351bb801-1.png 1024w\" sizes=\"auto, (max-width: 200px) 100vw, 200px\" \/><\/figure>\n\n\n\n<figure class=\"wp-block-image size-medium\"><img loading=\"lazy\" decoding=\"async\" width=\"200\" height=\"300\" data-id=\"89\" src=\"https:\/\/maglea.com\/wp-content\/uploads\/2025\/06\/file_00000000b8fc61f4ac35e2c473af2f26-1-200x300.png\" alt=\"\" class=\"wp-image-89\" srcset=\"https:\/\/maglea.com\/wp-content\/uploads\/2025\/06\/file_00000000b8fc61f4ac35e2c473af2f26-1-200x300.png 200w, https:\/\/maglea.com\/wp-content\/uploads\/2025\/06\/file_00000000b8fc61f4ac35e2c473af2f26-1-400x600.png 400w, https:\/\/maglea.com\/wp-content\/uploads\/2025\/06\/file_00000000b8fc61f4ac35e2c473af2f26-1-933x1400.png 933w, https:\/\/maglea.com\/wp-content\/uploads\/2025\/06\/file_00000000b8fc61f4ac35e2c473af2f26-1-768x1152.png 768w, https:\/\/maglea.com\/wp-content\/uploads\/2025\/06\/file_00000000b8fc61f4ac35e2c473af2f26-1-8x12.png 8w, https:\/\/maglea.com\/wp-content\/uploads\/2025\/06\/file_00000000b8fc61f4ac35e2c473af2f26-1-683x1024.png 683w, https:\/\/maglea.com\/wp-content\/uploads\/2025\/06\/file_00000000b8fc61f4ac35e2c473af2f26-1.png 1024w\" sizes=\"auto, (max-width: 200px) 100vw, 200px\" \/><\/figure>\n\n\n\n<figure class=\"wp-block-image size-medium\"><img loading=\"lazy\" decoding=\"async\" width=\"200\" height=\"300\" data-id=\"93\" src=\"https:\/\/maglea.com\/wp-content\/uploads\/2025\/06\/file_00000000886c61f4932b411b2520afe9-1-200x300.png\" alt=\"\" class=\"wp-image-93\" srcset=\"https:\/\/maglea.com\/wp-content\/uploads\/2025\/06\/file_00000000886c61f4932b411b2520afe9-1-200x300.png 200w, https:\/\/maglea.com\/wp-content\/uploads\/2025\/06\/file_00000000886c61f4932b411b2520afe9-1-400x600.png 400w, https:\/\/maglea.com\/wp-content\/uploads\/2025\/06\/file_00000000886c61f4932b411b2520afe9-1-933x1400.png 933w, https:\/\/maglea.com\/wp-content\/uploads\/2025\/06\/file_00000000886c61f4932b411b2520afe9-1-768x1152.png 768w, https:\/\/maglea.com\/wp-content\/uploads\/2025\/06\/file_00000000886c61f4932b411b2520afe9-1-8x12.png 8w, https:\/\/maglea.com\/wp-content\/uploads\/2025\/06\/file_00000000886c61f4932b411b2520afe9-1-683x1024.png 683w, https:\/\/maglea.com\/wp-content\/uploads\/2025\/06\/file_00000000886c61f4932b411b2520afe9-1.png 1024w\" sizes=\"auto, (max-width: 200px) 100vw, 200px\" \/><\/figure>\n\n\n\n<figure class=\"wp-block-image size-large\"><img loading=\"lazy\" decoding=\"async\" width=\"683\" height=\"1024\" data-id=\"88\" src=\"https:\/\/maglea.com\/wp-content\/uploads\/2025\/06\/file_00000000287861f485044b8d0c5ee0a2-683x1024.png\" alt=\"\" class=\"wp-image-88\" srcset=\"https:\/\/maglea.com\/wp-content\/uploads\/2025\/06\/file_00000000287861f485044b8d0c5ee0a2-683x1024.png 683w, https:\/\/maglea.com\/wp-content\/uploads\/2025\/06\/file_00000000287861f485044b8d0c5ee0a2-400x600.png 400w, https:\/\/maglea.com\/wp-content\/uploads\/2025\/06\/file_00000000287861f485044b8d0c5ee0a2-933x1400.png 933w, https:\/\/maglea.com\/wp-content\/uploads\/2025\/06\/file_00000000287861f485044b8d0c5ee0a2-768x1152.png 768w, https:\/\/maglea.com\/wp-content\/uploads\/2025\/06\/file_00000000287861f485044b8d0c5ee0a2-8x12.png 8w, https:\/\/maglea.com\/wp-content\/uploads\/2025\/06\/file_00000000287861f485044b8d0c5ee0a2-200x300.png 200w, https:\/\/maglea.com\/wp-content\/uploads\/2025\/06\/file_00000000287861f485044b8d0c5ee0a2.png 1024w\" sizes=\"auto, (max-width: 683px) 100vw, 683px\" \/><\/figure>\n<\/figure>\n\n\n\n<p><\/p>","protected":false},"excerpt":{"rendered":"<p>Zamans\u0131z zarafeti \u00e7a\u011fda\u015f detaylarla bulu\u015fturan bu koleksiyonda, modern gelinler i\u00e7in sade ve modern \u00e7izgilerle tasarlanm\u0131\u015f sa\u00e7 aksesuarlar\u0131 yer al\u0131yor. El yap\u0131m\u0131 sa\u00e7 aksesuarlar\u0131m\u0131z zarif formlar, \u0131\u015f\u0131lt\u0131l\u0131 detaylar ve do\u011fal dokularla tasarland\u0131. D\u00fc\u011f\u00fcn, ni\u015fan ya da di\u011fer \u00f6zel g\u00fcnlerinizde \u0131\u015f\u0131lt\u0131l\u0131 ancak minimal bir dokunu\u015f ar\u0131yorsan\u0131z, bu koleksiyon tam size g\u00f6re.<\/p>","protected":false},"author":1,"featured_media":0,"parent":0,"menu_order":0,"comment_status":"closed","ping_status":"closed","template":"","meta":{"_uag_custom_page_level_css":"","_kad_post_transparent":"","_kad_post_title":"","_kad_post_layout":"normal","_kad_post_sidebar_id":"","_kad_post_content_style":"","_kad_post_vertical_padding":"","_kad_post_feature":"","_kad_post_feature_position":"","_kad_post_header":false,"_kad_post_footer":true,"_kad_post_classname":"","footnotes":""},"class_list":["post-67","page","type-page","status-publish","hentry"],"uagb_featured_image_src":{"full":false,"thumbnail":false,"medium":false,"medium_large":false,"large":false,"1536x1536":false,"2048x2048":false,"trp-custom-language-flag":false,"woocommerce_thumbnail":false,"woocommerce_single":false,"woocommerce_gallery_thumbnail":false},"uagb_author_info":{"display_name":"MaGlea","author_link":"https:\/\/maglea.com\/en\/author\/meralkahraman000gmail-com\/"},"uagb_comment_info":0,"uagb_excerpt":"Zamans\u0131z zarafeti \u00e7a\u011fda\u015f detaylarla bulu\u015fturan bu koleksiyonda, modern gelinler i\u00e7in sade ve modern \u00e7izgilerle tasarlanm\u0131\u015f sa\u00e7 aksesuarlar\u0131 yer al\u0131yor. El yap\u0131m\u0131 sa\u00e7 aksesuarlar\u0131m\u0131z zarif formlar, \u0131\u015f\u0131lt\u0131l\u0131 detaylar ve do\u011fal dokularla tasarland\u0131. D\u00fc\u011f\u00fcn, ni\u015fan ya da di\u011fer \u00f6zel g\u00fcnlerinizde \u0131\u015f\u0131lt\u0131l\u0131 ancak minimal bir dokunu\u015f ar\u0131yorsan\u0131z, bu koleksiyon tam size g\u00f6re.","_links":{"self":[{"href":"https:\/\/maglea.com\/en\/wp-json\/wp\/v2\/pages\/67","targetHints":{"allow":["GET"]}}],"collection":[{"href":"https:\/\/maglea.com\/en\/wp-json\/wp\/v2\/pages"}],"about":[{"href":"https:\/\/maglea.com\/en\/wp-json\/wp\/v2\/types\/page"}],"author":[{"embeddable":true,"href":"https:\/\/maglea.com\/en\/wp-json\/wp\/v2\/users\/1"}],"replies":[{"embeddable":true,"href":"https:\/\/maglea.com\/en\/wp-json\/wp\/v2\/comments?post=67"}],"version-history":[{"count":6,"href":"https:\/\/maglea.com\/en\/wp-json\/wp\/v2\/pages\/67\/revisions"}],"predecessor-version":[{"id":155,"href":"https:\/\/maglea.com\/en\/wp-json\/wp\/v2\/pages\/67\/revisions\/155"}],"wp:attachment":[{"href":"https:\/\/maglea.com\/en\/wp-json\/wp\/v2\/media?parent=67"}],"curies":[{"name":"wp","href":"https:\/\/api.w.org\/{rel}","templated":true}]}}