{"id":57,"date":"2025-06-24T18:07:03","date_gmt":"2025-06-24T18:07:03","guid":{"rendered":"https:\/\/maglea.com\/?page_id=57"},"modified":"2025-06-26T14:50:44","modified_gmt":"2025-06-26T14:50:44","slug":"koleksiyonlar","status":"publish","type":"page","link":"https:\/\/maglea.com\/en\/koleksiyonlar\/","title":{"rendered":"Collections"},"content":{"rendered":"<p>Discover the refined world of MaGlea collections.<\/p>\n\n\n\n<p>Each piece is thoughtfully designed for modern brides, stage performers, and meaningful celebrations\u2014where timeless elegance meets contemporary artistry.\nFrom delicate natural forms to vintage-inspired silhouettes and couture stage statements, every collection reflects a distinct story, crafted by hand and shaped with light, texture, and emotion.<\/p>\n\n\n\n<p>Explore the collection that speaks to your moment.<\/p>\n\n\n\n<div class=\"wp-block-columns is-layout-flex wp-container-core-columns-is-layout-9d6595d7 wp-block-columns-is-layout-flex\">\n<div class=\"wp-block-column is-layout-flow wp-block-column-is-layout-flow\"><\/div>\n\n\n\n<div class=\"wp-block-column is-layout-flow wp-block-column-is-layout-flow\">\n<h2 class=\"wp-block-heading\">Modern Bridal Collection<\/h2>\n\n\n\n<p>Timeless simplicity, luminous details, and graceful modern lines define this collection.\nDesigned for contemporary brides seeking refined elegance, each handcrafted piece completes the bridal look with quiet brilliance.<\/p>\n<\/div>\n<\/div>\n\n\n\n<div class=\"wp-block-buttons is-content-justification-right is-layout-flex wp-container-core-buttons-is-layout-765c4724 wp-block-buttons-is-layout-flex\">\n<div class=\"wp-block-button\"><a class=\"wp-block-button__link has-text-align-right wp-element-button\" href=\"http:\/\/maglea.com\/en\/modern-gelin-koleksiyonu\/\">Explore the Collection<\/a><\/div>\n<\/div>\n\n\n\n<div class=\"wp-block-columns is-layout-flex wp-container-core-columns-is-layout-9d6595d7 wp-block-columns-is-layout-flex\">\n<div class=\"wp-block-column is-layout-flow wp-block-column-is-layout-flow\"><\/div>\n\n\n\n<div class=\"wp-block-column is-layout-flow wp-block-column-is-layout-flow\">\n<h2 class=\"wp-block-heading\">Stage Couture Collection<\/h2>\n\n\n\n<p>Discover handcrafted stage hair accessories designed for performances, ceremonies, and artistic expression.\nEach couture piece combines sculptural form, delicate detail, and luminous presence for unforgettable stage moments.<\/p>\n<\/div>\n<\/div>\n\n\n\n<div class=\"wp-block-buttons is-content-justification-right is-layout-flex wp-container-core-buttons-is-layout-765c4724 wp-block-buttons-is-layout-flex\">\n<div class=\"wp-block-button\"><a class=\"wp-block-button__link wp-element-button\" href=\"http:\/\/maglea.com\/en\/sahne-koleksiyonu\/\">Explore the Collection<\/a><\/div>\n<\/div>\n\n\n\n<div class=\"wp-block-columns is-layout-flex wp-container-core-columns-is-layout-9d6595d7 wp-block-columns-is-layout-flex\">\n<div class=\"wp-block-column is-layout-flow wp-block-column-is-layout-flow\"><\/div>\n\n\n\n<div class=\"wp-block-column is-layout-flow wp-block-column-is-layout-flow\">\n<h2 class=\"wp-block-heading\">Natural &amp; Bohemian Collection<\/h2>\n\n\n\n<p>Inspired by nature\u2019s quiet harmony, this collection reveals softness, freedom, and organic beauty.\nExplore handmade bohemian hair accessories inspired by nature, soft textures, and organic forms.<\/p>\n<\/div>\n<\/div>\n\n\n\n<div class=\"wp-block-buttons is-content-justification-right is-layout-flex wp-container-core-buttons-is-layout-765c4724 wp-block-buttons-is-layout-flex\">\n<div class=\"wp-block-button\"><a class=\"wp-block-button__link wp-element-button\" href=\"http:\/\/maglea.com\/en\/dogal-bohem-koleksiyonu\/\">Explore the Collection<\/a><\/div>\n<\/div>\n\n\n\n<div class=\"wp-block-columns is-layout-flex wp-container-core-columns-is-layout-9d6595d7 wp-block-columns-is-layout-flex\">\n<div class=\"wp-block-column is-layout-flow wp-block-column-is-layout-flow\"><\/div>\n\n\n\n<div class=\"wp-block-column is-layout-flow wp-block-column-is-layout-flow\">\n<h2 class=\"wp-block-heading\">Vintage &amp; Antique Collection<\/h2>\n\n\n\n<p>Echoing the elegance of past eras, this collection blends antique spirit with contemporary refinement. Discover vintage-inspired bridal hair accessories featuring antique motifs, lace details, and timeless elegance. Designed to bring historical romance into modern bridal styling.<\/p>\n<\/div>\n<\/div>\n\n\n\n<div class=\"wp-block-buttons is-content-justification-right is-layout-flex wp-container-core-buttons-is-layout-765c4724 wp-block-buttons-is-layout-flex\">\n<div class=\"wp-block-button\"><a class=\"wp-block-button__link wp-element-button\" href=\"http:\/\/maglea.com\/en\/vintage-antik-koleksiyon\/\">Explore the Collection<\/a><\/div>\n<\/div>\n\n\n\n<p><\/p>","protected":false},"excerpt":{"rendered":"<p>MaGlea&#8217;n\u0131n \u00f6zg\u00fcn tasar\u0131m d\u00fcnyas\u0131nda her tarza ve \u00f6zel ana uygun bir \u00fcr\u00fcn bulacaks\u0131n\u0131z. Modern gelinlerden sahne sanat\u00e7\u0131lar\u0131na; baby shower, do\u011fum g\u00fcn\u00fc organizasyonlar\u0131ndan temal\u0131 etkinliklere kadar t\u00fcm sa\u00e7 aksesuarlar\u0131 keyifle tasarlanmaktad\u0131r. Her aksesuar; kullan\u0131lan malzemeler, ilham kaynaklar\u0131 ve tasar\u0131m diliyle \u00f6zenle \u015fekillendirilmi\u015ftir. Koleksiyonlar\u0131m\u0131z\u0131 daha detayl\u0131 incelemek i\u00e7in alt sekmelerimizi ziyaret edebilirsiniz. Modern Gelin Koleksiyonu Zamans\u0131z zarafeti&#8230;<\/p>","protected":false},"author":1,"featured_media":0,"parent":0,"menu_order":0,"comment_status":"closed","ping_status":"closed","template":"","meta":{"_uag_custom_page_level_css":"","_kad_post_transparent":"","_kad_post_title":"","_kad_post_layout":"","_kad_post_sidebar_id":"","_kad_post_content_style":"","_kad_post_vertical_padding":"","_kad_post_feature":"","_kad_post_feature_position":"","_kad_post_header":false,"_kad_post_footer":false,"_kad_post_classname":"","footnotes":""},"class_list":["post-57","page","type-page","status-publish","hentry"],"uagb_featured_image_src":{"full":false,"thumbnail":false,"medium":false,"medium_large":false,"large":false,"1536x1536":false,"2048x2048":false,"trp-custom-language-flag":false,"woocommerce_thumbnail":false,"woocommerce_single":false,"woocommerce_gallery_thumbnail":false},"uagb_author_info":{"display_name":"MaGlea","author_link":"https:\/\/maglea.com\/en\/author\/meralkahraman000gmail-com\/"},"uagb_comment_info":0,"uagb_excerpt":"MaGlea&#8217;n\u0131n \u00f6zg\u00fcn tasar\u0131m d\u00fcnyas\u0131nda her tarza ve \u00f6zel ana uygun bir \u00fcr\u00fcn bulacaks\u0131n\u0131z. Modern gelinlerden sahne sanat\u00e7\u0131lar\u0131na; baby shower, do\u011fum g\u00fcn\u00fc organizasyonlar\u0131ndan temal\u0131 etkinliklere kadar t\u00fcm sa\u00e7 aksesuarlar\u0131 keyifle tasarlanmaktad\u0131r. Her aksesuar; kullan\u0131lan malzemeler, ilham kaynaklar\u0131 ve tasar\u0131m diliyle \u00f6zenle \u015fekillendirilmi\u015ftir. Koleksiyonlar\u0131m\u0131z\u0131 daha detayl\u0131 incelemek i\u00e7in alt sekmelerimizi ziyaret edebilirsiniz. Modern Gelin Koleksiyonu Zamans\u0131z zarafeti...","_links":{"self":[{"href":"https:\/\/maglea.com\/en\/wp-json\/wp\/v2\/pages\/57","targetHints":{"allow":["GET"]}}],"collection":[{"href":"https:\/\/maglea.com\/en\/wp-json\/wp\/v2\/pages"}],"about":[{"href":"https:\/\/maglea.com\/en\/wp-json\/wp\/v2\/types\/page"}],"author":[{"embeddable":true,"href":"https:\/\/maglea.com\/en\/wp-json\/wp\/v2\/users\/1"}],"replies":[{"embeddable":true,"href":"https:\/\/maglea.com\/en\/wp-json\/wp\/v2\/comments?post=57"}],"version-history":[{"count":5,"href":"https:\/\/maglea.com\/en\/wp-json\/wp\/v2\/pages\/57\/revisions"}],"predecessor-version":[{"id":243,"href":"https:\/\/maglea.com\/en\/wp-json\/wp\/v2\/pages\/57\/revisions\/243"}],"wp:attachment":[{"href":"https:\/\/maglea.com\/en\/wp-json\/wp\/v2\/media?parent=57"}],"curies":[{"name":"wp","href":"https:\/\/api.w.org\/{rel}","templated":true}]}}